{"id":8,"date":"2023-09-28T13:16:22","date_gmt":"2023-09-28T13:16:22","guid":{"rendered":"https:\/\/iian.info\/?page_id=8"},"modified":"2023-11-21T16:00:56","modified_gmt":"2023-11-21T16:00:56","slug":"home","status":"publish","type":"page","link":"https:\/\/www.iian.info\/de\/","title":{"rendered":"Home"},"content":{"rendered":"<p>[et_pb_section fb_built=&#8221;1&#8243; _builder_version=&#8221;4.22.2&#8243; _module_preset=&#8221;c8a32fea-3481-4c61-9418-8b7bc4c622f7&#8243; custom_padding=&#8221;||150px||false|false&#8221; background_last_edited=&#8221;on|desktop&#8221; background_size_tablet=&#8221;custom&#8221; global_colors_info=&#8221;{}&#8221;][et_pb_row column_structure=&#8221;1_2,1_2&#8243; _builder_version=&#8221;4.22.2&#8243; _module_preset=&#8221;default&#8221; background_enable_image=&#8221;off&#8221; background_size=&#8221;custom&#8221; background_image_width=&#8221;500px&#8221; background_position=&#8221;top_right&#8221; custom_padding=&#8221;||||false|false&#8221; global_colors_info=&#8221;{}&#8221;][et_pb_column type=&#8221;1_2&#8243; _builder_version=&#8221;4.22.2&#8243; _module_preset=&#8221;default&#8221; global_colors_info=&#8221;{}&#8221;][et_pb_text _builder_version=&#8221;4.22.2&#8243; _module_preset=&#8221;default&#8221; header_2_font=&#8221;|600|||||||&#8221; header_2_text_color=&#8221;#17899B&#8221; header_2_font_size=&#8221;30px&#8221; custom_margin=&#8221;||14px|||&#8221; global_colors_info=&#8221;{}&#8221;]<\/p>\n<h1>Internationales Netzwerk zur Unterst\u00fctzung von Menschen mit geschw\u00e4chtem Immunsystem<\/h1>\n<p>[\/et_pb_text][et_pb_text _builder_version=&#8221;4.22.2&#8243; _module_preset=&#8221;default&#8221; header_2_font=&#8221;|600|||||||&#8221; header_2_text_color=&#8221;#17899B&#8221; header_2_font_size=&#8221;30px&#8221; global_colors_info=&#8221;{}&#8221;]<\/p>\n<p><strong>Die Aufgabe des IIAN besteht darin, sich f\u00fcr die kollektiven Interessen aller Menschen mit einem geschw\u00e4chten Immunsystem einzusetzen, unabh\u00e4ngig von der zugrunde liegenden Krankheit.<\/strong>.<\/p>\n<p>Ziel des Netzwerks ist es, Ver\u00e4nderungen in der Gesundheitspolitik und der Gesundheitsversorgung zum Nutzen dieser Menschen voranzutreiben, indem der Zugang zu Pflege und Behandlung sowie die Forschung auf dem Gebiet ihrer Erkrankungen verbessert werden. Das IIAN ist davon \u00fcberzeugt, dass die L\u00f6sungen, die es den politischen Entscheidungstr\u00e4gern und anderen Akteuren vorschl\u00e4gt, sowohl f\u00fcr diese Gemeinschaft als auch f\u00fcr die Gesellschaft insgesamt erhebliche sozio\u00f6konomische und gesundheitliche Vorteile bringen werden.<\/p>\n<p>[\/et_pb_text][\/et_pb_column][et_pb_column type=&#8221;1_2&#8243; _builder_version=&#8221;4.22.2&#8243; _module_preset=&#8221;default&#8221; global_colors_info=&#8221;{}&#8221;][et_pb_image src=&#8221;https:\/\/iian.info\/wp-content\/uploads\/2023\/10\/mission1.jpg&#8221; _builder_version=&#8221;4.22.2&#8243; _module_preset=&#8221;default&#8221; border_radii=&#8221;on|5px|5px|5px|5px&#8221; global_colors_info=&#8221;{}&#8221;][\/et_pb_image][\/et_pb_column][\/et_pb_row][\/et_pb_section]<\/p>","protected":false},"excerpt":{"rendered":"<p>International Immunocompromised Advocacy NetworkIIAN&#8217;s mission is to advocate for the collective interests of all people with a compromised immune system, regardless of their underlying disease. The network aims to drive change in health policy and healthcare provision for the benefit of these individuals in terms of improved access to care and treatment as well as [&hellip;]<\/p>","protected":false},"author":1,"featured_media":0,"parent":0,"menu_order":0,"comment_status":"closed","ping_status":"closed","template":"","meta":{"_et_pb_use_builder":"on","_et_pb_old_content":"","_et_gb_content_width":"","inline_featured_image":false,"footnotes":""},"class_list":["post-8","page","type-page","status-publish","hentry"],"yoast_head":"<!-- This site is optimized with the Yoast SEO plugin v21.3 - https:\/\/yoast.com\/wordpress\/plugins\/seo\/ -->\n<title>IIAN Mission - International Immunocompromised Advocacy Network<\/title>\n<meta name=\"description\" content=\"IIAN\u2019s mission is to advocate for the collective interests of all people with a compromised immune system, regardless of their underlying disease.\" \/>\n<meta name=\"robots\" content=\"index, follow, max-snippet:-1, max-image-preview:large, max-video-preview:-1\" \/>\n<link rel=\"canonical\" href=\"https:\/\/www.iian.info\/de\/\" \/>\n<meta property=\"og:locale\" content=\"de_DE\" \/>\n<meta property=\"og:type\" content=\"article\" \/>\n<meta property=\"og:title\" content=\"IIAN Mission - International Immunocompromised Advocacy Network\" \/>\n<meta property=\"og:description\" content=\"IIAN\u2019s mission is to advocate for the collective interests of all people with a compromised immune system, regardless of their underlying disease.\" \/>\n<meta property=\"og:url\" content=\"https:\/\/www.iian.info\/de\/\" \/>\n<meta property=\"og:site_name\" content=\"International Immunocompromised Advocacy Network\" \/>\n<meta property=\"article:modified_time\" content=\"2023-11-21T16:00:56+00:00\" \/>\n<meta property=\"og:image\" content=\"https:\/\/www.iian.info\/wp-content\/uploads\/2023\/10\/FB-02-IIAN-Mission-1.png\" \/>\n\t<meta property=\"og:image:width\" content=\"2500\" \/>\n\t<meta property=\"og:image:height\" content=\"1313\" \/>\n\t<meta property=\"og:image:type\" content=\"image\/png\" \/>\n<meta name=\"twitter:card\" content=\"summary_large_image\" \/>\n<meta name=\"twitter:title\" content=\"IIAN Mission - International Immunocompromised Advocacy Network\" \/>\n<meta name=\"twitter:description\" content=\"IIAN\u2019s mission is to advocate for the collective interests of all people with a compromised immune system, regardless of their underlying disease.\" \/>\n<meta name=\"twitter:image\" content=\"https:\/\/www.iian.info\/wp-content\/uploads\/2023\/10\/FB-02-IIAN-Mission-1.png\" \/>\n<meta name=\"twitter:label1\" content=\"Gesch\u00e4tzte Lesezeit\" \/>\n\t<meta name=\"twitter:data1\" content=\"1\u00a0Minute\" \/>\n<script type=\"application\/ld+json\" class=\"yoast-schema-graph\">{\"@context\":\"https:\/\/schema.org\",\"@graph\":[{\"@type\":\"WebPage\",\"@id\":\"https:\/\/www.iian.info\/\",\"url\":\"https:\/\/www.iian.info\/\",\"name\":\"IIAN Mission - International Immunocompromised Advocacy Network\",\"isPartOf\":{\"@id\":\"https:\/\/www.iian.info\/#website\"},\"datePublished\":\"2023-09-28T13:16:22+00:00\",\"dateModified\":\"2023-11-21T16:00:56+00:00\",\"description\":\"IIAN\u2019s mission is to advocate for the collective interests of all people with a compromised immune system, regardless of their underlying disease.\",\"inLanguage\":\"de\",\"potentialAction\":[{\"@type\":\"ReadAction\",\"target\":[\"https:\/\/www.iian.info\/\"]}]},{\"@type\":\"WebSite\",\"@id\":\"https:\/\/www.iian.info\/#website\",\"url\":\"https:\/\/www.iian.info\/\",\"name\":\"International Immunocompromised Advocacy Network\",\"description\":\"\",\"potentialAction\":[{\"@type\":\"SearchAction\",\"target\":{\"@type\":\"EntryPoint\",\"urlTemplate\":\"https:\/\/www.iian.info\/?s={search_term_string}\"},\"query-input\":\"required name=search_term_string\"}],\"inLanguage\":\"de\"}]}<\/script>\n<!-- \/ Yoast SEO plugin. -->","yoast_head_json":{"title":"IIAN Mission - International Immunocompromised Advocacy Network","description":"IIAN\u2019s mission is to advocate for the collective interests of all people with a compromised immune system, regardless of their underlying disease.","robots":{"index":"index","follow":"follow","max-snippet":"max-snippet:-1","max-image-preview":"max-image-preview:large","max-video-preview":"max-video-preview:-1"},"canonical":"https:\/\/www.iian.info\/de\/","og_locale":"de_DE","og_type":"article","og_title":"IIAN Mission - International Immunocompromised Advocacy Network","og_description":"IIAN\u2019s mission is to advocate for the collective interests of all people with a compromised immune system, regardless of their underlying disease.","og_url":"https:\/\/www.iian.info\/de\/","og_site_name":"International Immunocompromised Advocacy Network","article_modified_time":"2023-11-21T16:00:56+00:00","og_image":[{"width":2500,"height":1313,"url":"https:\/\/www.iian.info\/wp-content\/uploads\/2023\/10\/FB-02-IIAN-Mission-1.png","type":"image\/png"}],"twitter_card":"summary_large_image","twitter_title":"IIAN Mission - International Immunocompromised Advocacy Network","twitter_description":"IIAN\u2019s mission is to advocate for the collective interests of all people with a compromised immune system, regardless of their underlying disease.","twitter_image":"https:\/\/www.iian.info\/wp-content\/uploads\/2023\/10\/FB-02-IIAN-Mission-1.png","twitter_misc":{"Gesch\u00e4tzte Lesezeit":"1\u00a0Minute"},"schema":{"@context":"https:\/\/schema.org","@graph":[{"@type":"WebPage","@id":"https:\/\/www.iian.info\/","url":"https:\/\/www.iian.info\/","name":"IIAN Mission - International Immunocompromised Advocacy Network","isPartOf":{"@id":"https:\/\/www.iian.info\/#website"},"datePublished":"2023-09-28T13:16:22+00:00","dateModified":"2023-11-21T16:00:56+00:00","description":"IIAN\u2019s mission is to advocate for the collective interests of all people with a compromised immune system, regardless of their underlying disease.","inLanguage":"de","potentialAction":[{"@type":"ReadAction","target":["https:\/\/www.iian.info\/"]}]},{"@type":"WebSite","@id":"https:\/\/www.iian.info\/#website","url":"https:\/\/www.iian.info\/","name":"International Immunocompromised Advocacy Network","description":"","potentialAction":[{"@type":"SearchAction","target":{"@type":"EntryPoint","urlTemplate":"https:\/\/www.iian.info\/?s={search_term_string}"},"query-input":"required name=search_term_string"}],"inLanguage":"de"}]}},"_links":{"self":[{"href":"https:\/\/www.iian.info\/de\/wp-json\/wp\/v2\/pages\/8","targetHints":{"allow":["GET"]}}],"collection":[{"href":"https:\/\/www.iian.info\/de\/wp-json\/wp\/v2\/pages"}],"about":[{"href":"https:\/\/www.iian.info\/de\/wp-json\/wp\/v2\/types\/page"}],"author":[{"embeddable":true,"href":"https:\/\/www.iian.info\/de\/wp-json\/wp\/v2\/users\/1"}],"replies":[{"embeddable":true,"href":"https:\/\/www.iian.info\/de\/wp-json\/wp\/v2\/comments?post=8"}],"version-history":[{"count":55,"href":"https:\/\/www.iian.info\/de\/wp-json\/wp\/v2\/pages\/8\/revisions"}],"predecessor-version":[{"id":992,"href":"https:\/\/www.iian.info\/de\/wp-json\/wp\/v2\/pages\/8\/revisions\/992"}],"wp:attachment":[{"href":"https:\/\/www.iian.info\/de\/wp-json\/wp\/v2\/media?parent=8"}],"curies":[{"name":"wp","href":"https:\/\/api.w.org\/{rel}","templated":true}]}}