{"id":696,"date":"2023-10-12T10:02:00","date_gmt":"2023-10-12T10:02:00","guid":{"rendered":"https:\/\/iian.info\/?page_id=696"},"modified":"2023-10-14T08:55:19","modified_gmt":"2023-10-14T08:55:19","slug":"imprint","status":"publish","type":"page","link":"https:\/\/www.iian.info\/es\/imprint\/","title":{"rendered":"Pie de imprenta"},"content":{"rendered":"<p>[et_pb_section fb_built=&#8221;1&#8243; _builder_version=&#8221;4.22.2&#8243; _module_preset=&#8221;c290b1bf-7cd9-4007-aa7b-3bbbeee58732&#8243; global_colors_info=&#8221;{}&#8221;][et_pb_row _builder_version=&#8221;4.22.2&#8243; _module_preset=&#8221;default&#8221; background_enable_image=&#8221;off&#8221; background_size=&#8221;custom&#8221; background_image_width=&#8221;500px&#8221; background_position=&#8221;top_right&#8221; custom_padding=&#8221;||||false|false&#8221; global_colors_info=&#8221;{}&#8221;][et_pb_column type=&#8221;4_4&#8243; _builder_version=&#8221;4.22.2&#8243; _module_preset=&#8221;default&#8221; global_colors_info=&#8221;{}&#8221;][et_pb_text _builder_version=&#8221;4.22.2&#8243; _module_preset=&#8221;default&#8221; header_font=&#8221;|600|||||||&#8221; header_text_color=&#8221;#17899B&#8221; header_2_font=&#8221;|600|||||||&#8221; header_2_text_color=&#8221;#17899B&#8221; header_2_font_size=&#8221;30px&#8221; global_colors_info=&#8221;{}&#8221;]<\/p>\n<h1>Pie de imprenta \/ Aviso legal<\/h1>\n<p>Instituto Europeo para la Defensa del Paciente gUG<br \/>\nDirecci\u00f3n: Am Rothenanger 1b<br \/>\nD-85521 Riemerling<br \/>\nCorreo electr\u00f3nico: <a href=\"mailto:info@iian.info\">info@iian.info<\/a><br \/>\nLegal representative: Jan Geissler, Managing Director[\/et_pb_text][et_pb_text _builder_version=&#8221;4.22.2&#8243; _module_preset=&#8221;default&#8221; header_font=&#8221;|600|||||||&#8221; header_text_color=&#8221;#17899B&#8221; header_2_font=&#8221;|600|||||||&#8221; header_2_text_color=&#8221;#17899B&#8221; header_2_font_size=&#8221;30px&#8221; custom_margin=&#8221;||||false|false&#8221; custom_padding=&#8221;21px|||||&#8221; global_colors_info=&#8221;{}&#8221;]<\/p>\n<h2>Pol\u00edtica de privacidad<\/h2>\n<p>Muchas gracias por visitar el sitio web IIAN.info. Esta pol\u00edtica de privacidad le explicar\u00e1 c\u00f3mo utiliza el Instituto Europeo para la Defensa del Paciente los datos personales que recabamos de usted cuando utiliza nuestro sitio web. En caso de que alguna pregunta sobre el tratamiento de datos quede sin respuesta suficiente, estaremos encantados de responderle por correo electr\u00f3nico. P\u00f3ngase en contacto con nosotros a trav\u00e9s de la siguiente direcci\u00f3n de correo electr\u00f3nico: <a href=\"mailto:info@iian.info\">info@iian.info<\/a><\/p>\n<p><strong>Responsable en el sentido del Reglamento general europeo de protecci\u00f3n de datos (RGPD)<\/strong>:<br \/>Instituto Europeo para la Defensa del Paciente gUG<br \/>Am Rothenanger 1b<br \/>85521 Riemerling<br \/>Alemania<br \/>E-Mail: <a href=\"mailto:info@patientadvocacy.eu\">info@patientadvocacy.eu<\/a><\/p>\n<p>Para prestar el servicio de un servicio web, es decir, la presentaci\u00f3n del contenido de nuestro sitio web en el navegador de su ordenador o dispositivo m\u00f3vil, tenemos que almacenar temporalmente datos t\u00e9cnicos espec\u00edficos.<\/p>\n<p>Se est\u00e1n registrando los siguientes datos:<\/p>\n<ul>\n<li>su direcci\u00f3n IP,<\/li>\n<li>la hora de acceso,<\/li>\n<li>el recurso solicitado,<\/li>\n<li>tu estado,<\/li>\n<li>la cantidad de datos transferidos y la duraci\u00f3n de la transmisi\u00f3n de datos;<\/li>\n<li>el origen\/localizaci\u00f3n de su solicitud,<\/li>\n<li>el nombre y la versi\u00f3n de su navegador<\/li>\n<\/ul>\n<p>Los datos recogidos se registran en los denominados archivos de registro del servidor. Las evaluaciones estad\u00edsticas garantizan que los datos recogidos aseguren el correcto funcionamiento del sitio web.<br \/>En caso de que obtengamos indicios concretos de un uso il\u00edcito de nuestro servicio web, tambi\u00e9n procesaremos los datos recopilados anteriormente desde el punto de vista de la detecci\u00f3n y el rastreo de usos indebidos.<br \/>Normalmente, estos registros del servidor se borran al cabo de 8 d\u00edas.<br \/>Este an\u00e1lisis ampliado de los datos t\u00e9cnicos con referencia a las personas se refleja en el Art. 6 para. 1 lit. f GDPR (en alem\u00e1n Datenschutz-Grundverordnung, DGSVO) de nuevo.<\/p>\n<p><strong>Datos personales transferidos:<\/strong><\/p>\n<p>B\u00e1sicamente, s\u00f3lo guardamos informaci\u00f3n personal suya si usted nos la facilita. En este contexto, nos remitimos al Art. 6 para. 1 lit. a GDPR.<br \/>Para diversos fines, recogemos \u00fanicamente los datos que son necesarios en ese momento para prestar los servicios web (por ejemplo, bolet\u00edn de noticias, acceso a un foro, etc.) o su solicitud (por ejemplo, a trav\u00e9s de un formulario de contacto o por correo electr\u00f3nico, etc.). Los formularios de registro o contacto se dividen en informaci\u00f3n necesaria (marcada como obligatoria) e informaci\u00f3n voluntaria. Los datos personales transmitidos en este contexto se utilizar\u00e1n exclusivamente para el fin previsto por usted. Si se pone en contacto con nosotros a trav\u00e9s de las opciones de contacto ofrecidas en el sitio web, sus datos se almacenar\u00e1n para que puedan utilizarse para procesar y responder a su solicitud. Estos datos se utilizar\u00e1n dentro de esa finalidad limitada y se suprimir\u00e1n una vez cumplida la misma.<\/p>\n<p><strong>Utilizamos cookies en nuestro sitio web:<\/strong><br \/>Este sitio web utiliza cookies para que su visita sea lo m\u00e1s agradable posible. Una cookie es un peque\u00f1o fragmento de informaci\u00f3n que se almacena localmente en su ordenador.<br \/>Utilizamos dos categor\u00edas de cookies:<br \/>a) cookies t\u00e9cnicamente necesarias<br \/>Cada vez que visita nuestro sitio web, se le asigna un n\u00famero de sesi\u00f3n \u00fanico. Esta cookie debe ayudar a que la comunicaci\u00f3n entre el servidor web y su navegador funcione sin problemas y z. Por ejemplo, los procesos de registro, inscripci\u00f3n y pedido se procesan correctamente.<br \/>b) cookies funcionales<br \/>Para poder guardar determinadas preferencias que ha realizado en nuestro sitio web, utilizamos cookies funcionales. Estas preferencias se recordar\u00e1n la pr\u00f3xima vez que visite nuestro sitio web y le permitir\u00e1n: Por ejemplo, navegar r\u00e1pidamente a contenidos espec\u00edficos de nuestro sitio web o recordar la informaci\u00f3n de inicio de sesi\u00f3n para \u00e1reas cerradas del sitio.<\/p>\n<p><strong>C\u00f3mo gestionar las cookies<\/strong>:<br \/>Puede configurar su navegador para que no acepte cookies, y en el sitio web mencionado m\u00e1s arriba se explica c\u00f3mo eliminar las cookies de su navegador. Usted tiene la opci\u00f3n de impedir el almacenamiento de cookies en su dispositivo realizando los ajustes adecuados en su navegador. Estos ajustes preestablecidos (por ejemplo, los denominados \"Do Not Track\", etc.) son respetados por nosotros en cualquier caso. Sin embargo, es posible que no pueda acceder a todas las funciones de este sitio web sin restricciones si su navegador no permite las cookies.<br \/>Adem\u00e1s, no utilizamos ning\u00fan m\u00e9todo que incluya la toma de decisiones automatizada, incluida la elaboraci\u00f3n de perfiles i. P. V. Proporcionar o apoyar el art\u00edculo 22 (1) y (4) GDPR. Tampoco nos basamos en fuentes de datos de terceros para identificar a nuestros visitantes.<\/p>\n<p><strong>Pol\u00edticas de privacidad de otros sitios web<\/strong>:<br \/>Este sitio web contiene enlaces a otros sitios web. Nuestra pol\u00edtica de privacidad s\u00f3lo se aplica a nuestro sitio web, por lo que si hace clic en un enlace a otro sitio web, debe leer su pol\u00edtica de privacidad.<\/p>\n<p><strong>Duraci\u00f3n del almacenamiento de datos personales<\/strong>:<br \/>Sus datos personales ser\u00e1n almacenados por nosotros mientras respondamos a una solicitud o usted utilice el servicio \/ prestaci\u00f3n correspondiente. Con un aviso o notificaci\u00f3n de su parte, sus datos personales, si es posible, ser\u00e1n borrados inmediatamente. En caso contrario, los datos se desactivar\u00e1n y, si es t\u00e9cnicamente posible, se eliminar\u00e1n de forma rutinaria o se anonimizar\u00e1n. Independientemente de esto, otros requisitos legales pueden exigir que los datos personales se conserven durante un per\u00edodo de tiempo m\u00e1s largo.<br \/>Tratamiento de datos fuera de la Uni\u00f3n Europea:<br \/>Los servidores utilizados para la presencia en internet se encuentran en la Rep\u00fablica Federal de Alemania. Aseg\u00farese de conocer todos sus derechos en materia de protecci\u00f3n de datos. Todo usuario tiene derecho a lo siguiente<\/p>\n<p><strong>Derechos<\/strong>:<br \/>Puede ejercer en cualquier momento su derecho a solicitarnos informaci\u00f3n sobre los datos personales que hemos almacenado de usted (art. 15 del RGPD).<\/p>\n<p><strong>Derecho a corregir datos incorrectos<\/strong>:<br \/>Si sus datos personales se han recogido de forma incorrecta o ya no son correctos, atenderemos inmediatamente su derecho de rectificaci\u00f3n.<br \/>(Art. 16 GDPR).<\/p>\n<p><strong>Derecho de anulaci\u00f3n<\/strong>:<br \/>Tiene derecho a solicitarnos una supresi\u00f3n inmediata si los datos personales ya no se procesan para el prop\u00f3sito original o ya no son necesarios (Art. 17 GDPR).<br \/>Tambi\u00e9n puede ejercer el derecho de cancelaci\u00f3n si ha revocado su consentimiento y no existe ning\u00fan otro fundamento jur\u00eddico para el tratamiento.<\/p>\n<p>Derecho a la limitaci\u00f3n del tratamiento y oposici\u00f3n al tratamiento:<br \/>Tiene derecho a solicitar la limitaci\u00f3n del tratamiento de sus datos (Art. 18 y Art. 21 (1) GDPR)<\/p>\n<p><strong>Derecho a la portabilidad de los datos<\/strong>:<br \/>Si desea llevarse sus datos, tiene derecho a la portabilidad de los mismos. Pondremos a su disposici\u00f3n los datos pertinentes en un formato est\u00e1ndar, estructurado y legible por m\u00e1quina o los entregaremos directamente a otra persona responsable (art. 20 GDPR)<br \/>Utilice la direcci\u00f3n de correo electr\u00f3nico para comunicarnos su solicitud: info@patientadvocacy.eu<\/p>\n<p><strong>Su derecho de recurso ante la autoridad de control competente<\/strong>:<br \/>Si todos los intentos anteriores no han aportado una soluci\u00f3n satisfactoria a su preocupaci\u00f3n, tiene derecho a presentar una queja ante la autoridad reguladora responsable de nosotros:<br \/>Oficina Estatal de Control de Protecci\u00f3n de Datos de Baviera<br \/>Paseo 27<br \/>91522 Ansbach<br \/>Alemania<\/p>\n<p>[\/et_pb_text][\/et_pb_column][\/et_pb_row][\/et_pb_section]<\/p>","protected":false},"excerpt":{"rendered":"<p>Imprint \/ Legal Disclosure European Patient Advocacy Institute gUG Address: Am Rothenanger 1b D-85521 Riemerling Email: info@iian.info Legal representative: Jan Geissler, Managing DirectorPrivacy Policy Thank you so much for visiting the IIAN.info website. This privacy policy will explain how the European Patient Advocacy Institute uses the personal data we collect from you when you use [&hellip;]<\/p>","protected":false},"author":1,"featured_media":0,"parent":0,"menu_order":0,"comment_status":"closed","ping_status":"closed","template":"","meta":{"_et_pb_use_builder":"on","_et_pb_old_content":"","_et_gb_content_width":"","inline_featured_image":false,"footnotes":""},"class_list":["post-696","page","type-page","status-publish","hentry"],"yoast_head":"<!-- This site is optimized with the Yoast SEO plugin v21.3 - https:\/\/yoast.com\/wordpress\/plugins\/seo\/ -->\n<title>Imprint - International Immunocompromised Advocacy Network<\/title>\n<meta name=\"robots\" content=\"index, follow, max-snippet:-1, max-image-preview:large, max-video-preview:-1\" \/>\n<link rel=\"canonical\" href=\"https:\/\/www.iian.info\/es\/imprint\/\" \/>\n<meta property=\"og:locale\" content=\"es_ES\" \/>\n<meta property=\"og:type\" content=\"article\" \/>\n<meta property=\"og:title\" content=\"Imprint - International Immunocompromised Advocacy Network\" \/>\n<meta property=\"og:description\" content=\"Imprint \/ Legal Disclosure European Patient Advocacy Institute gUG Address: Am Rothenanger 1b D-85521 Riemerling Email: info@iian.info Legal representative: Jan Geissler, Managing DirectorPrivacy Policy Thank you so much for visiting the IIAN.info website. This privacy policy will explain how the European Patient Advocacy Institute uses the personal data we collect from you when you use [&hellip;]\" \/>\n<meta property=\"og:url\" content=\"https:\/\/www.iian.info\/es\/imprint\/\" \/>\n<meta property=\"og:site_name\" content=\"International Immunocompromised Advocacy Network\" \/>\n<meta property=\"article:modified_time\" content=\"2023-10-14T08:55:19+00:00\" \/>\n<meta name=\"twitter:card\" content=\"summary_large_image\" \/>\n<meta name=\"twitter:label1\" content=\"Tiempo de lectura\" \/>\n\t<meta name=\"twitter:data1\" content=\"5 minutos\" \/>\n<script type=\"application\/ld+json\" class=\"yoast-schema-graph\">{\"@context\":\"https:\/\/schema.org\",\"@graph\":[{\"@type\":\"WebPage\",\"@id\":\"https:\/\/www.iian.info\/imprint\/\",\"url\":\"https:\/\/www.iian.info\/imprint\/\",\"name\":\"Imprint - International Immunocompromised Advocacy Network\",\"isPartOf\":{\"@id\":\"https:\/\/www.iian.info\/#website\"},\"datePublished\":\"2023-10-12T10:02:00+00:00\",\"dateModified\":\"2023-10-14T08:55:19+00:00\",\"inLanguage\":\"es\",\"potentialAction\":[{\"@type\":\"ReadAction\",\"target\":[\"https:\/\/www.iian.info\/imprint\/\"]}]},{\"@type\":\"WebSite\",\"@id\":\"https:\/\/www.iian.info\/#website\",\"url\":\"https:\/\/www.iian.info\/\",\"name\":\"International Immunocompromised Advocacy Network\",\"description\":\"\",\"potentialAction\":[{\"@type\":\"SearchAction\",\"target\":{\"@type\":\"EntryPoint\",\"urlTemplate\":\"https:\/\/www.iian.info\/?s={search_term_string}\"},\"query-input\":\"required name=search_term_string\"}],\"inLanguage\":\"es\"}]}<\/script>\n<!-- \/ Yoast SEO plugin. -->","yoast_head_json":{"title":"Imprint - International Immunocompromised Advocacy Network","robots":{"index":"index","follow":"follow","max-snippet":"max-snippet:-1","max-image-preview":"max-image-preview:large","max-video-preview":"max-video-preview:-1"},"canonical":"https:\/\/www.iian.info\/es\/imprint\/","og_locale":"es_ES","og_type":"article","og_title":"Imprint - International Immunocompromised Advocacy Network","og_description":"Imprint \/ Legal Disclosure European Patient Advocacy Institute gUG Address: Am Rothenanger 1b D-85521 Riemerling Email: info@iian.info Legal representative: Jan Geissler, Managing DirectorPrivacy Policy Thank you so much for visiting the IIAN.info website. This privacy policy will explain how the European Patient Advocacy Institute uses the personal data we collect from you when you use [&hellip;]","og_url":"https:\/\/www.iian.info\/es\/imprint\/","og_site_name":"International Immunocompromised Advocacy Network","article_modified_time":"2023-10-14T08:55:19+00:00","twitter_card":"summary_large_image","twitter_misc":{"Tiempo de lectura":"5 minutos"},"schema":{"@context":"https:\/\/schema.org","@graph":[{"@type":"WebPage","@id":"https:\/\/www.iian.info\/imprint\/","url":"https:\/\/www.iian.info\/imprint\/","name":"Imprint - International Immunocompromised Advocacy Network","isPartOf":{"@id":"https:\/\/www.iian.info\/#website"},"datePublished":"2023-10-12T10:02:00+00:00","dateModified":"2023-10-14T08:55:19+00:00","inLanguage":"es","potentialAction":[{"@type":"ReadAction","target":["https:\/\/www.iian.info\/imprint\/"]}]},{"@type":"WebSite","@id":"https:\/\/www.iian.info\/#website","url":"https:\/\/www.iian.info\/","name":"International Immunocompromised Advocacy Network","description":"","potentialAction":[{"@type":"SearchAction","target":{"@type":"EntryPoint","urlTemplate":"https:\/\/www.iian.info\/?s={search_term_string}"},"query-input":"required name=search_term_string"}],"inLanguage":"es"}]}},"_links":{"self":[{"href":"https:\/\/www.iian.info\/es\/wp-json\/wp\/v2\/pages\/696","targetHints":{"allow":["GET"]}}],"collection":[{"href":"https:\/\/www.iian.info\/es\/wp-json\/wp\/v2\/pages"}],"about":[{"href":"https:\/\/www.iian.info\/es\/wp-json\/wp\/v2\/types\/page"}],"author":[{"embeddable":true,"href":"https:\/\/www.iian.info\/es\/wp-json\/wp\/v2\/users\/1"}],"replies":[{"embeddable":true,"href":"https:\/\/www.iian.info\/es\/wp-json\/wp\/v2\/comments?post=696"}],"version-history":[{"count":12,"href":"https:\/\/www.iian.info\/es\/wp-json\/wp\/v2\/pages\/696\/revisions"}],"predecessor-version":[{"id":786,"href":"https:\/\/www.iian.info\/es\/wp-json\/wp\/v2\/pages\/696\/revisions\/786"}],"wp:attachment":[{"href":"https:\/\/www.iian.info\/es\/wp-json\/wp\/v2\/media?parent=696"}],"curies":[{"name":"wp","href":"https:\/\/api.w.org\/{rel}","templated":true}]}}