{"id":312,"date":"2023-10-09T09:40:22","date_gmt":"2023-10-09T09:40:22","guid":{"rendered":"https:\/\/iian.info\/?page_id=312"},"modified":"2023-10-30T09:43:18","modified_gmt":"2023-10-30T09:43:18","slug":"endorse-the-call-to-action","status":"publish","type":"page","link":"https:\/\/www.iian.info\/fr\/endorse-the-call-to-action\/","title":{"rendered":"Soutenir l'appel \u00e0 l'action"},"content":{"rendered":"<p>[et_pb_section fb_built=&#8221;1&#8243; _builder_version=&#8221;4.22.2&#8243; _module_preset=&#8221;c290b1bf-7cd9-4007-aa7b-3bbbeee58732&#8243; background_vertical_offset=&#8221;10%&#8221; global_colors_info=&#8221;{}&#8221;][et_pb_row column_structure=&#8221;2_5,3_5&#8243; _builder_version=&#8221;4.22.2&#8243; _module_preset=&#8221;default&#8221; background_enable_image=&#8221;off&#8221; background_size=&#8221;custom&#8221; background_image_width=&#8221;500px&#8221; background_position=&#8221;top_right&#8221; custom_padding=&#8221;||||false|false&#8221; global_colors_info=&#8221;{}&#8221;][et_pb_column type=&#8221;2_5&#8243; _builder_version=&#8221;4.22.2&#8243; _module_preset=&#8221;default&#8221; global_colors_info=&#8221;{}&#8221;][et_pb_text _builder_version=&#8221;4.22.2&#8243; _module_preset=&#8221;default&#8221; header_font=&#8221;|600|||||||&#8221; header_text_color=&#8221;#17899B&#8221; header_2_font=&#8221;|600|||||||&#8221; header_2_text_color=&#8221;#17899B&#8221; header_2_font_size=&#8221;30px&#8221; global_colors_info=&#8221;{}&#8221;]<\/p>\n<h1>Soutenir l'appel \u00e0 l'action<\/h1>\n<p>Fill out the form to Endorse the Call-to-Action[\/et_pb_text][et_pb_blurb use_icon=&#8221;on&#8221; font_icon=&#8221;&#xf044;||fa||400&#8243; icon_color=&#8221;#17899B&#8221; image_icon_width=&#8221;70px&#8221; _builder_version=&#8221;4.22.2&#8243; _module_preset=&#8221;default&#8221; background_enable_color=&#8221;off&#8221; custom_padding=&#8221;22px||||false|false&#8221; animation=&#8221;off&#8221; border_radii=&#8221;on|5px|5px|5px|5px&#8221; border_width_all=&#8221;2px&#8221; border_color_all=&#8221;#17899B&#8221; global_colors_info=&#8221;{}&#8221;][\/et_pb_blurb][\/et_pb_column][et_pb_column type=&#8221;3_5&#8243; _builder_version=&#8221;4.22.2&#8243; _module_preset=&#8221;default&#8221; background_color=&#8221;#ffffff&#8221; custom_padding=&#8221;20px|20px|20px|20px|true|true&#8221; animation_style=&#8221;slide&#8221; animation_direction=&#8221;bottom&#8221; animation_speed_curve=&#8221;ease-out&#8221; border_radii=&#8221;on|5px|5px|5px|5px&#8221; border_width_all=&#8221;2px&#8221; border_color_all=&#8221;#17899B&#8221; global_colors_info=&#8221;{}&#8221;][et_pb_code _builder_version=&#8221;4.22.2&#8243; _module_preset=&#8221;default&#8221; custom_padding=&#8221;||||false|false&#8221; animation_direction=&#8221;bottom&#8221; locked=&#8221;off&#8221; global_colors_info=&#8221;{}&#8221;]\n<div class=\"wpcf7 no-js\" id=\"wpcf7-f311-o1\" lang=\"en-US\" dir=\"ltr\">\n<div class=\"screen-reader-response\"><p role=\"status\" aria-live=\"polite\" aria-atomic=\"true\"><\/p> <ul><\/ul><\/div>\n<form action=\"\/fr\/wp-json\/wp\/v2\/pages\/312#wpcf7-f311-o1\" method=\"post\" class=\"wpcf7-form init\" aria-label=\"Contact form\" enctype=\"multipart\/form-data\" novalidate=\"novalidate\" data-status=\"init\" data-trp-original-action=\"\/fr\/wp-json\/wp\/v2\/pages\/312#wpcf7-f311-o1\">\n<div style=\"display: none;\">\n<input type=\"hidden\" name=\"_wpcf7\" value=\"311\" \/>\n<input type=\"hidden\" name=\"_wpcf7_version\" value=\"5.8.1\" \/>\n<input type=\"hidden\" name=\"_wpcf7_locale\" value=\"en_US\" \/>\n<input type=\"hidden\" name=\"_wpcf7_unit_tag\" value=\"wpcf7-f311-o1\" \/>\n<input type=\"hidden\" name=\"_wpcf7_container_post\" value=\"0\" \/>\n<input type=\"hidden\" name=\"_wpcf7_posted_data_hash\" value=\"\" \/>\n<input type=\"hidden\" name=\"_wpcf7_recaptcha_response\" value=\"\" \/>\n<\/div>\n<p><label> <span style=\"font-style: italic; color: #666; font-size:16px;\">Champs obligatoire<\/span> *<\/label><br \/>\n<label> <\/label><br \/>\n<label>Organisation<\/label><br \/>\n<span class=\"wpcf7-form-control-wrap\" data-name=\"organisation\"><input size=\"40\" class=\"wpcf7-form-control wpcf7-text wpcf7-validates-as-required cfrm\" aria-required=\"true\" aria-invalid=\"false\" placeholder=\"Nom de votre organisation*\" value=\"\" type=\"text\" name=\"organisation\" \/><\/span><br \/>\n<span class=\"wpcf7-form-control-wrap\" data-name=\"country\"><input size=\"40\" class=\"wpcf7-form-control wpcf7-text wpcf7-validates-as-required cfrm\" aria-required=\"true\" aria-invalid=\"false\" placeholder=\"Pays*\" value=\"\" type=\"text\" name=\"country\" \/><\/span><br \/>\n<label> <\/label><br \/>\n<label>Contact<\/label><br \/>\n<span class=\"wpcf7-form-control-wrap\" data-name=\"firstname\"><input size=\"40\" class=\"wpcf7-form-control wpcf7-text wpcf7-validates-as-required cfrm\" aria-required=\"true\" aria-invalid=\"false\" placeholder=\"Pr\u00e9nom*\" value=\"\" type=\"text\" name=\"firstname\" \/><\/span><br \/>\n<span class=\"wpcf7-form-control-wrap\" data-name=\"lastname\"><input size=\"40\" class=\"wpcf7-form-control wpcf7-text wpcf7-validates-as-required cfrm\" aria-required=\"true\" aria-invalid=\"false\" placeholder=\"Nom*\" value=\"\" type=\"text\" name=\"lastname\" \/><\/span><br \/>\n<span class=\"wpcf7-form-control-wrap\" data-name=\"email\"><input size=\"40\" class=\"wpcf7-form-control wpcf7-email wpcf7-validates-as-required wpcf7-text wpcf7-validates-as-email cfrm\" aria-required=\"true\" aria-invalid=\"false\" placeholder=\"Email*\" value=\"\" type=\"email\" name=\"email\" \/><\/span><br \/>\n<label> <\/label><br \/>\n<label>Message<\/label><br \/>\n<span class=\"wpcf7-form-control-wrap\" data-name=\"message\"><textarea cols=\"40\" rows=\"10\" class=\"wpcf7-form-control wpcf7-textarea wpcf7-validates-as-required cfrm\" aria-required=\"true\" aria-invalid=\"false\" placeholder=\"Message\" name=\"message\"><\/textarea><\/span><br \/>\n<label>T\u00e9l\u00e9verser votre logo: <span style=\"font-style: italic; color: #666; font-size:16px;\">*.jpg - *.png - *.pdf - Max. file size: 5MB<\/span><\/label><br \/>\n<span class=\"wpcf7-form-control-wrap\" data-name=\"upload\"><input size=\"40\" class=\"wpcf7-form-control wpcf7-file wpcf7-validates-as-required uploadlogo\" accept=\"audio\/*,video\/*,image\/*\" aria-required=\"true\" aria-invalid=\"false\" type=\"file\" name=\"upload\" \/><\/span><br \/>\n<label> <\/label><br \/>\n<span class=\"wpcf7-form-control-wrap\" data-name=\"consent\"><span class=\"wpcf7-form-control wpcf7-checkbox wpcf7-validates-as-required consent\"><span class=\"wpcf7-list-item first last\"><input type=\"checkbox\" name=\"consent[]\" value=\"* I allow EPAI to store the submitted info to respond to my enquiry.\" \/><span class=\"wpcf7-list-item-label\">* J'autorise l'EPAI \u00e0 conserver les informations soumises pour r\u00e9pondre \u00e0 ma demande.<\/span><\/span><\/span><\/span><br \/>\nVoir aussi: <a href=\"https:\/\/www.iian.info\/fr\/imprint\/\" target=\"_blank\">Mentions l\u00e9gales et politique de confidentialit\u00e9 ici<\/a>\n<\/p>\n<p><label> <\/label><br \/>\n<input class=\"wpcf7-form-control wpcf7-submit has-spinner\" type=\"submit\" value=\"Je soutiens\" \/>\n<\/p><div class=\"wpcf7-response-output\" aria-hidden=\"true\"><\/div>\n<input type=\"hidden\" name=\"trp-form-language\" value=\"fr\"\/><\/form>\n<\/div>\n[\/et_pb_code][\/et_pb_column][\/et_pb_row][\/et_pb_section]<\/p>","protected":false},"excerpt":{"rendered":"<p>Endorse the Call-to-Action Fill out the form to Endorse the Call-to-Action\n<div class=\"wpcf7 no-js\" id=\"wpcf7-f311-o2\" lang=\"en-US\" dir=\"ltr\">\n<div class=\"screen-reader-response\"><p role=\"status\" aria-live=\"polite\" aria-atomic=\"true\"><\/p> <ul><\/ul><\/div>\n<form action=\"\/fr\/wp-json\/wp\/v2\/pages\/312#wpcf7-f311-o2\" method=\"post\" class=\"wpcf7-form init\" aria-label=\"Contact form\" enctype=\"multipart\/form-data\" novalidate=\"novalidate\" data-status=\"init\" data-trp-original-action=\"\/fr\/wp-json\/wp\/v2\/pages\/312#wpcf7-f311-o2\">\n<div style=\"display: none;\">\n<input type=\"hidden\" name=\"_wpcf7\" value=\"311\" \/>\n<input type=\"hidden\" name=\"_wpcf7_version\" value=\"5.8.1\" \/>\n<input type=\"hidden\" name=\"_wpcf7_locale\" value=\"en_US\" \/>\n<input type=\"hidden\" name=\"_wpcf7_unit_tag\" value=\"wpcf7-f311-o2\" \/>\n<input type=\"hidden\" name=\"_wpcf7_container_post\" value=\"0\" \/>\n<input type=\"hidden\" name=\"_wpcf7_posted_data_hash\" value=\"\" \/>\n<input type=\"hidden\" name=\"_wpcf7_recaptcha_response\" value=\"\" \/>\n<\/div>\n<p><label> <span style=\"font-style: italic; color: #666; font-size:16px;\">Champs obligatoire<\/span> *<\/label><br \/>\n<label> <\/label><br \/>\n<label>Organisation<\/label><br \/>\n<span class=\"wpcf7-form-control-wrap\" data-name=\"organisation\"><input size=\"40\" class=\"wpcf7-form-control wpcf7-text wpcf7-validates-as-required cfrm\" aria-required=\"true\" aria-invalid=\"false\" placeholder=\"Nom de votre organisation*\" value=\"\" type=\"text\" name=\"organisation\" \/><\/span><br \/>\n<span class=\"wpcf7-form-control-wrap\" data-name=\"country\"><input size=\"40\" class=\"wpcf7-form-control wpcf7-text wpcf7-validates-as-required cfrm\" aria-required=\"true\" aria-invalid=\"false\" placeholder=\"Pays*\" value=\"\" type=\"text\" name=\"country\" \/><\/span><br \/>\n<label> <\/label><br \/>\n<label>Contact<\/label><br \/>\n<span class=\"wpcf7-form-control-wrap\" data-name=\"firstname\"><input size=\"40\" class=\"wpcf7-form-control wpcf7-text wpcf7-validates-as-required cfrm\" aria-required=\"true\" aria-invalid=\"false\" placeholder=\"Pr\u00e9nom*\" value=\"\" type=\"text\" name=\"firstname\" \/><\/span><br \/>\n<span class=\"wpcf7-form-control-wrap\" data-name=\"lastname\"><input size=\"40\" class=\"wpcf7-form-control wpcf7-text wpcf7-validates-as-required cfrm\" aria-required=\"true\" aria-invalid=\"false\" placeholder=\"Nom*\" value=\"\" type=\"text\" name=\"lastname\" \/><\/span><br \/>\n<span class=\"wpcf7-form-control-wrap\" data-name=\"email\"><input size=\"40\" class=\"wpcf7-form-control wpcf7-email wpcf7-validates-as-required wpcf7-text wpcf7-validates-as-email cfrm\" aria-required=\"true\" aria-invalid=\"false\" placeholder=\"Email*\" value=\"\" type=\"email\" name=\"email\" \/><\/span><br \/>\n<label> <\/label><br \/>\n<label>Message<\/label><br \/>\n<span class=\"wpcf7-form-control-wrap\" data-name=\"message\"><textarea cols=\"40\" rows=\"10\" class=\"wpcf7-form-control wpcf7-textarea wpcf7-validates-as-required cfrm\" aria-required=\"true\" aria-invalid=\"false\" placeholder=\"Message\" name=\"message\"><\/textarea><\/span><br \/>\n<label>T\u00e9l\u00e9verser votre logo: <span style=\"font-style: italic; color: #666; font-size:16px;\">*.jpg - *.png - *.pdf - Max. file size: 5MB<\/span><\/label><br \/>\n<span class=\"wpcf7-form-control-wrap\" data-name=\"upload\"><input size=\"40\" class=\"wpcf7-form-control wpcf7-file wpcf7-validates-as-required uploadlogo\" accept=\"audio\/*,video\/*,image\/*\" aria-required=\"true\" aria-invalid=\"false\" type=\"file\" name=\"upload\" \/><\/span><br \/>\n<label> <\/label><br \/>\n<span class=\"wpcf7-form-control-wrap\" data-name=\"consent\"><span class=\"wpcf7-form-control wpcf7-checkbox wpcf7-validates-as-required consent\"><span class=\"wpcf7-list-item first last\"><input type=\"checkbox\" name=\"consent[]\" value=\"* I allow EPAI to store the submitted info to respond to my enquiry.\" \/><span class=\"wpcf7-list-item-label\">* J'autorise l'EPAI \u00e0 conserver les informations soumises pour r\u00e9pondre \u00e0 ma demande.<\/span><\/span><\/span><\/span><br \/>\nVoir aussi: <a href=\"https:\/\/www.iian.info\/fr\/imprint\/\" target=\"_blank\">Mentions l\u00e9gales et politique de confidentialit\u00e9 ici<\/a>\n<\/p>\n<p><label> <\/label><br \/>\n<input class=\"wpcf7-form-control wpcf7-submit has-spinner\" type=\"submit\" value=\"Je soutiens\" \/>\n<\/p><div class=\"wpcf7-response-output\" aria-hidden=\"true\"><\/div>\n<input type=\"hidden\" name=\"trp-form-language\" value=\"fr\"\/><\/form>\n<\/div>\n<\/p>","protected":false},"author":1,"featured_media":0,"parent":0,"menu_order":0,"comment_status":"closed","ping_status":"closed","template":"","meta":{"_et_pb_use_builder":"on","_et_pb_old_content":"","_et_gb_content_width":"","inline_featured_image":false,"footnotes":""},"class_list":["post-312","page","type-page","status-publish","hentry"],"yoast_head":"<!-- This site is optimized with the Yoast SEO plugin v21.3 - https:\/\/yoast.com\/wordpress\/plugins\/seo\/ -->\n<title>Endorse the Call to Action - International Immunocompromised Advocacy Network<\/title>\n<meta name=\"description\" content=\"Endorse IIAN&#039;s Call-to-Action\" \/>\n<meta name=\"robots\" content=\"index, follow, max-snippet:-1, max-image-preview:large, max-video-preview:-1\" \/>\n<link rel=\"canonical\" href=\"https:\/\/www.iian.info\/fr\/endorse-the-call-to-action\/\" \/>\n<meta property=\"og:locale\" content=\"fr_FR\" \/>\n<meta property=\"og:type\" content=\"article\" \/>\n<meta property=\"og:title\" content=\"Endorse the Call to Action - International Immunocompromised Advocacy Network\" \/>\n<meta property=\"og:description\" content=\"Endorse IIAN&#039;s Call-to-Action\" \/>\n<meta property=\"og:url\" content=\"https:\/\/www.iian.info\/fr\/endorse-the-call-to-action\/\" \/>\n<meta property=\"og:site_name\" content=\"International Immunocompromised Advocacy Network\" \/>\n<meta property=\"article:modified_time\" content=\"2023-10-30T09:43:18+00:00\" \/>\n<meta property=\"og:image\" content=\"https:\/\/www.iian.info\/wp-content\/uploads\/2023\/10\/FB-04-Endorse-the-call-to-action-1.png\" \/>\n\t<meta property=\"og:image:width\" content=\"2500\" \/>\n\t<meta property=\"og:image:height\" content=\"1313\" \/>\n\t<meta property=\"og:image:type\" content=\"image\/png\" \/>\n<meta name=\"twitter:card\" content=\"summary_large_image\" \/>\n<meta name=\"twitter:title\" content=\"Endorse the Call to Action - International Immunocompromised Advocacy Network\" \/>\n<meta name=\"twitter:description\" content=\"Endorse IIAN&#039;s Call-to-Action\" \/>\n<meta name=\"twitter:image\" content=\"https:\/\/www.iian.info\/wp-content\/uploads\/2023\/10\/FB-04-Endorse-the-call-to-action-1.png\" \/>\n<meta name=\"twitter:label1\" content=\"Dur\u00e9e de lecture estim\u00e9e\" \/>\n\t<meta name=\"twitter:data1\" content=\"1 minute\" \/>\n<script type=\"application\/ld+json\" class=\"yoast-schema-graph\">{\"@context\":\"https:\/\/schema.org\",\"@graph\":[{\"@type\":\"WebPage\",\"@id\":\"https:\/\/www.iian.info\/endorse-the-call-to-action\/\",\"url\":\"https:\/\/www.iian.info\/endorse-the-call-to-action\/\",\"name\":\"Endorse the Call to Action - International Immunocompromised Advocacy Network\",\"isPartOf\":{\"@id\":\"https:\/\/www.iian.info\/#website\"},\"datePublished\":\"2023-10-09T09:40:22+00:00\",\"dateModified\":\"2023-10-30T09:43:18+00:00\",\"description\":\"Endorse IIAN's Call-to-Action\",\"inLanguage\":\"fr-FR\",\"potentialAction\":[{\"@type\":\"ReadAction\",\"target\":[\"https:\/\/www.iian.info\/endorse-the-call-to-action\/\"]}]},{\"@type\":\"WebSite\",\"@id\":\"https:\/\/www.iian.info\/#website\",\"url\":\"https:\/\/www.iian.info\/\",\"name\":\"International Immunocompromised Advocacy Network\",\"description\":\"\",\"potentialAction\":[{\"@type\":\"SearchAction\",\"target\":{\"@type\":\"EntryPoint\",\"urlTemplate\":\"https:\/\/www.iian.info\/?s={search_term_string}\"},\"query-input\":\"required name=search_term_string\"}],\"inLanguage\":\"fr-FR\"}]}<\/script>\n<!-- \/ Yoast SEO plugin. -->","yoast_head_json":{"title":"Endorse the Call to Action - International Immunocompromised Advocacy Network","description":"Endorse IIAN's Call-to-Action","robots":{"index":"index","follow":"follow","max-snippet":"max-snippet:-1","max-image-preview":"max-image-preview:large","max-video-preview":"max-video-preview:-1"},"canonical":"https:\/\/www.iian.info\/fr\/endorse-the-call-to-action\/","og_locale":"fr_FR","og_type":"article","og_title":"Endorse the Call to Action - International Immunocompromised Advocacy Network","og_description":"Endorse IIAN's Call-to-Action","og_url":"https:\/\/www.iian.info\/fr\/endorse-the-call-to-action\/","og_site_name":"International Immunocompromised Advocacy Network","article_modified_time":"2023-10-30T09:43:18+00:00","og_image":[{"width":2500,"height":1313,"url":"https:\/\/www.iian.info\/wp-content\/uploads\/2023\/10\/FB-04-Endorse-the-call-to-action-1.png","type":"image\/png"}],"twitter_card":"summary_large_image","twitter_title":"Endorse the Call to Action - International Immunocompromised Advocacy Network","twitter_description":"Endorse IIAN's Call-to-Action","twitter_image":"https:\/\/www.iian.info\/wp-content\/uploads\/2023\/10\/FB-04-Endorse-the-call-to-action-1.png","twitter_misc":{"Dur\u00e9e de lecture estim\u00e9e":"1 minute"},"schema":{"@context":"https:\/\/schema.org","@graph":[{"@type":"WebPage","@id":"https:\/\/www.iian.info\/endorse-the-call-to-action\/","url":"https:\/\/www.iian.info\/endorse-the-call-to-action\/","name":"Endorse the Call to Action - International Immunocompromised Advocacy Network","isPartOf":{"@id":"https:\/\/www.iian.info\/#website"},"datePublished":"2023-10-09T09:40:22+00:00","dateModified":"2023-10-30T09:43:18+00:00","description":"Endorse IIAN's Call-to-Action","inLanguage":"fr-FR","potentialAction":[{"@type":"ReadAction","target":["https:\/\/www.iian.info\/endorse-the-call-to-action\/"]}]},{"@type":"WebSite","@id":"https:\/\/www.iian.info\/#website","url":"https:\/\/www.iian.info\/","name":"International Immunocompromised Advocacy Network","description":"","potentialAction":[{"@type":"SearchAction","target":{"@type":"EntryPoint","urlTemplate":"https:\/\/www.iian.info\/?s={search_term_string}"},"query-input":"required name=search_term_string"}],"inLanguage":"fr-FR"}]}},"_links":{"self":[{"href":"https:\/\/www.iian.info\/fr\/wp-json\/wp\/v2\/pages\/312","targetHints":{"allow":["GET"]}}],"collection":[{"href":"https:\/\/www.iian.info\/fr\/wp-json\/wp\/v2\/pages"}],"about":[{"href":"https:\/\/www.iian.info\/fr\/wp-json\/wp\/v2\/types\/page"}],"author":[{"embeddable":true,"href":"https:\/\/www.iian.info\/fr\/wp-json\/wp\/v2\/users\/1"}],"replies":[{"embeddable":true,"href":"https:\/\/www.iian.info\/fr\/wp-json\/wp\/v2\/comments?post=312"}],"version-history":[{"count":26,"href":"https:\/\/www.iian.info\/fr\/wp-json\/wp\/v2\/pages\/312\/revisions"}],"predecessor-version":[{"id":1060,"href":"https:\/\/www.iian.info\/fr\/wp-json\/wp\/v2\/pages\/312\/revisions\/1060"}],"wp:attachment":[{"href":"https:\/\/www.iian.info\/fr\/wp-json\/wp\/v2\/media?parent=312"}],"curies":[{"name":"wp","href":"https:\/\/api.w.org\/{rel}","templated":true}]}}