{"id":8,"date":"2023-09-28T13:16:22","date_gmt":"2023-09-28T13:16:22","guid":{"rendered":"https:\/\/iian.info\/?page_id=8"},"modified":"2023-11-21T16:00:56","modified_gmt":"2023-11-21T16:00:56","slug":"home","status":"publish","type":"page","link":"https:\/\/www.iian.info\/pl\/","title":{"rendered":"Home"},"content":{"rendered":"<p>[et_pb_section fb_built=&#8221;1&#8243; _builder_version=&#8221;4.22.2&#8243; _module_preset=&#8221;c8a32fea-3481-4c61-9418-8b7bc4c622f7&#8243; custom_padding=&#8221;||150px||false|false&#8221; background_last_edited=&#8221;on|desktop&#8221; background_size_tablet=&#8221;custom&#8221; global_colors_info=&#8221;{}&#8221;][et_pb_row column_structure=&#8221;1_2,1_2&#8243; _builder_version=&#8221;4.22.2&#8243; _module_preset=&#8221;default&#8221; background_enable_image=&#8221;off&#8221; background_size=&#8221;custom&#8221; background_image_width=&#8221;500px&#8221; background_position=&#8221;top_right&#8221; custom_padding=&#8221;||||false|false&#8221; global_colors_info=&#8221;{}&#8221;][et_pb_column type=&#8221;1_2&#8243; _builder_version=&#8221;4.22.2&#8243; _module_preset=&#8221;default&#8221; global_colors_info=&#8221;{}&#8221;][et_pb_text _builder_version=&#8221;4.22.2&#8243; _module_preset=&#8221;default&#8221; header_2_font=&#8221;|600|||||||&#8221; header_2_text_color=&#8221;#17899B&#8221; header_2_font_size=&#8221;30px&#8221; custom_margin=&#8221;||14px|||&#8221; global_colors_info=&#8221;{}&#8221;]<\/p>\n<h1>Mi\u0119dzynarodowa sie\u0107 rzecznik\u00f3w os\u00f3b z obni\u017con\u0105 odporno\u015bci\u0105<\/h1>\n<p>[\/et_pb_text][et_pb_text _builder_version=&#8221;4.22.2&#8243; _module_preset=&#8221;default&#8221; header_2_font=&#8221;|600|||||||&#8221; header_2_text_color=&#8221;#17899B&#8221; header_2_font_size=&#8221;30px&#8221; global_colors_info=&#8221;{}&#8221;]<\/p>\n<p><strong>Misj\u0105 IIAN jest reprezentowanie zbiorowych interes\u00f3w wszystkich os\u00f3b z upo\u015bledzonym uk\u0142adem odporno\u015bciowym, niezale\u017cnie od ich choroby podstawowej<\/strong>.<\/p>\n<p>Sie\u0107 ma na celu stymulowanie zmian w polityce zdrowotnej i \u015bwiadczeniach opieki zdrowotnej z korzy\u015bci\u0105 dla tych os\u00f3b pod wzgl\u0119dem lepszego dost\u0119pu do opieki i leczenia, a tak\u017ce bada\u0144 w zakresie ich schorze\u0144. IIAN wierzy, \u017ce rozwi\u0105zania, kt\u00f3re sugeruje decydentom i innym zainteresowanym stronom, przynios\u0105 znacz\u0105ce korzy\u015bci spo\u0142eczno-ekonomiczne i zdrowotne zar\u00f3wno dla tej spo\u0142eczno\u015bci, jak i dla ca\u0142ego spo\u0142ecze\u0144stwa.<\/p>\n<p>[\/et_pb_text][\/et_pb_column][et_pb_column type=&#8221;1_2&#8243; _builder_version=&#8221;4.22.2&#8243; _module_preset=&#8221;default&#8221; global_colors_info=&#8221;{}&#8221;][et_pb_image src=&#8221;https:\/\/iian.info\/wp-content\/uploads\/2023\/10\/mission1.jpg&#8221; _builder_version=&#8221;4.22.2&#8243; _module_preset=&#8221;default&#8221; border_radii=&#8221;on|5px|5px|5px|5px&#8221; global_colors_info=&#8221;{}&#8221;][\/et_pb_image][\/et_pb_column][\/et_pb_row][\/et_pb_section]<\/p>","protected":false},"excerpt":{"rendered":"<p>International Immunocompromised Advocacy NetworkIIAN&#8217;s mission is to advocate for the collective interests of all people with a compromised immune system, regardless of their underlying disease. The network aims to drive change in health policy and healthcare provision for the benefit of these individuals in terms of improved access to care and treatment as well as [&hellip;]<\/p>","protected":false},"author":1,"featured_media":0,"parent":0,"menu_order":0,"comment_status":"closed","ping_status":"closed","template":"","meta":{"_et_pb_use_builder":"on","_et_pb_old_content":"","_et_gb_content_width":"","inline_featured_image":false,"footnotes":""},"class_list":["post-8","page","type-page","status-publish","hentry"],"yoast_head":"<!-- This site is optimized with the Yoast SEO plugin v21.3 - https:\/\/yoast.com\/wordpress\/plugins\/seo\/ -->\n<title>IIAN Mission - International Immunocompromised Advocacy Network<\/title>\n<meta name=\"description\" content=\"IIAN\u2019s mission is to advocate for the collective interests of all people with a compromised immune system, regardless of their underlying disease.\" \/>\n<meta name=\"robots\" content=\"index, follow, max-snippet:-1, max-image-preview:large, max-video-preview:-1\" \/>\n<link rel=\"canonical\" href=\"https:\/\/www.iian.info\/pl\/\" \/>\n<meta property=\"og:locale\" content=\"pl_PL\" \/>\n<meta property=\"og:type\" content=\"article\" \/>\n<meta property=\"og:title\" content=\"IIAN Mission - International Immunocompromised Advocacy Network\" \/>\n<meta property=\"og:description\" content=\"IIAN\u2019s mission is to advocate for the collective interests of all people with a compromised immune system, regardless of their underlying disease.\" \/>\n<meta property=\"og:url\" content=\"https:\/\/www.iian.info\/pl\/\" \/>\n<meta property=\"og:site_name\" content=\"International Immunocompromised Advocacy Network\" \/>\n<meta property=\"article:modified_time\" content=\"2023-11-21T16:00:56+00:00\" \/>\n<meta property=\"og:image\" content=\"https:\/\/www.iian.info\/wp-content\/uploads\/2023\/10\/FB-02-IIAN-Mission-1.png\" \/>\n\t<meta property=\"og:image:width\" content=\"2500\" \/>\n\t<meta property=\"og:image:height\" content=\"1313\" \/>\n\t<meta property=\"og:image:type\" content=\"image\/png\" \/>\n<meta name=\"twitter:card\" content=\"summary_large_image\" \/>\n<meta name=\"twitter:title\" content=\"IIAN Mission - International Immunocompromised Advocacy Network\" \/>\n<meta name=\"twitter:description\" content=\"IIAN\u2019s mission is to advocate for the collective interests of all people with a compromised immune system, regardless of their underlying disease.\" \/>\n<meta name=\"twitter:image\" content=\"https:\/\/www.iian.info\/wp-content\/uploads\/2023\/10\/FB-02-IIAN-Mission-1.png\" \/>\n<meta name=\"twitter:label1\" content=\"Szacowany czas czytania\" \/>\n\t<meta name=\"twitter:data1\" content=\"1 minuta\" \/>\n<script type=\"application\/ld+json\" class=\"yoast-schema-graph\">{\"@context\":\"https:\/\/schema.org\",\"@graph\":[{\"@type\":\"WebPage\",\"@id\":\"https:\/\/www.iian.info\/\",\"url\":\"https:\/\/www.iian.info\/\",\"name\":\"IIAN Mission - International Immunocompromised Advocacy Network\",\"isPartOf\":{\"@id\":\"https:\/\/www.iian.info\/#website\"},\"datePublished\":\"2023-09-28T13:16:22+00:00\",\"dateModified\":\"2023-11-21T16:00:56+00:00\",\"description\":\"IIAN\u2019s mission is to advocate for the collective interests of all people with a compromised immune system, regardless of their underlying disease.\",\"inLanguage\":\"pl-PL\",\"potentialAction\":[{\"@type\":\"ReadAction\",\"target\":[\"https:\/\/www.iian.info\/\"]}]},{\"@type\":\"WebSite\",\"@id\":\"https:\/\/www.iian.info\/#website\",\"url\":\"https:\/\/www.iian.info\/\",\"name\":\"International Immunocompromised Advocacy Network\",\"description\":\"\",\"potentialAction\":[{\"@type\":\"SearchAction\",\"target\":{\"@type\":\"EntryPoint\",\"urlTemplate\":\"https:\/\/www.iian.info\/?s={search_term_string}\"},\"query-input\":\"required name=search_term_string\"}],\"inLanguage\":\"pl-PL\"}]}<\/script>\n<!-- \/ Yoast SEO plugin. -->","yoast_head_json":{"title":"IIAN Mission - International Immunocompromised Advocacy Network","description":"IIAN\u2019s mission is to advocate for the collective interests of all people with a compromised immune system, regardless of their underlying disease.","robots":{"index":"index","follow":"follow","max-snippet":"max-snippet:-1","max-image-preview":"max-image-preview:large","max-video-preview":"max-video-preview:-1"},"canonical":"https:\/\/www.iian.info\/pl\/","og_locale":"pl_PL","og_type":"article","og_title":"IIAN Mission - International Immunocompromised Advocacy Network","og_description":"IIAN\u2019s mission is to advocate for the collective interests of all people with a compromised immune system, regardless of their underlying disease.","og_url":"https:\/\/www.iian.info\/pl\/","og_site_name":"International Immunocompromised Advocacy Network","article_modified_time":"2023-11-21T16:00:56+00:00","og_image":[{"width":2500,"height":1313,"url":"https:\/\/www.iian.info\/wp-content\/uploads\/2023\/10\/FB-02-IIAN-Mission-1.png","type":"image\/png"}],"twitter_card":"summary_large_image","twitter_title":"IIAN Mission - International Immunocompromised Advocacy Network","twitter_description":"IIAN\u2019s mission is to advocate for the collective interests of all people with a compromised immune system, regardless of their underlying disease.","twitter_image":"https:\/\/www.iian.info\/wp-content\/uploads\/2023\/10\/FB-02-IIAN-Mission-1.png","twitter_misc":{"Szacowany czas czytania":"1 minuta"},"schema":{"@context":"https:\/\/schema.org","@graph":[{"@type":"WebPage","@id":"https:\/\/www.iian.info\/","url":"https:\/\/www.iian.info\/","name":"IIAN Mission - International Immunocompromised Advocacy Network","isPartOf":{"@id":"https:\/\/www.iian.info\/#website"},"datePublished":"2023-09-28T13:16:22+00:00","dateModified":"2023-11-21T16:00:56+00:00","description":"IIAN\u2019s mission is to advocate for the collective interests of all people with a compromised immune system, regardless of their underlying disease.","inLanguage":"pl-PL","potentialAction":[{"@type":"ReadAction","target":["https:\/\/www.iian.info\/"]}]},{"@type":"WebSite","@id":"https:\/\/www.iian.info\/#website","url":"https:\/\/www.iian.info\/","name":"International Immunocompromised Advocacy Network","description":"","potentialAction":[{"@type":"SearchAction","target":{"@type":"EntryPoint","urlTemplate":"https:\/\/www.iian.info\/?s={search_term_string}"},"query-input":"required name=search_term_string"}],"inLanguage":"pl-PL"}]}},"_links":{"self":[{"href":"https:\/\/www.iian.info\/pl\/wp-json\/wp\/v2\/pages\/8","targetHints":{"allow":["GET"]}}],"collection":[{"href":"https:\/\/www.iian.info\/pl\/wp-json\/wp\/v2\/pages"}],"about":[{"href":"https:\/\/www.iian.info\/pl\/wp-json\/wp\/v2\/types\/page"}],"author":[{"embeddable":true,"href":"https:\/\/www.iian.info\/pl\/wp-json\/wp\/v2\/users\/1"}],"replies":[{"embeddable":true,"href":"https:\/\/www.iian.info\/pl\/wp-json\/wp\/v2\/comments?post=8"}],"version-history":[{"count":55,"href":"https:\/\/www.iian.info\/pl\/wp-json\/wp\/v2\/pages\/8\/revisions"}],"predecessor-version":[{"id":992,"href":"https:\/\/www.iian.info\/pl\/wp-json\/wp\/v2\/pages\/8\/revisions\/992"}],"wp:attachment":[{"href":"https:\/\/www.iian.info\/pl\/wp-json\/wp\/v2\/media?parent=8"}],"curies":[{"name":"wp","href":"https:\/\/api.w.org\/{rel}","templated":true}]}}